{"id":22828,"date":"2022-08-22T16:50:56","date_gmt":"2022-08-22T15:50:56","guid":{"rendered":"http:\/\/ceri.cerenet.org.uk\/careers\/?page_id=22828"},"modified":"2022-08-24T12:41:22","modified_gmt":"2022-08-24T11:41:22","slug":"tim-ymyrraeth-gynnar","status":"publish","type":"page","link":"https:\/\/ceri.cerenet.org.uk\/careers\/cy\/bywyd-ceredigion\/ynglyn-ar-cyngor\/wellbeing-care-support-services-a-through-age-and-wellbeing-model\/tim-ymyrraeth-gynnar\/","title":{"rendered":"T\u00eem Ymyrraeth Gynnar"},"content":{"rendered":"\n<p>Yng Nghyngor Sir Ceredigion rydym yn trawsnewid y ffordd y mae unigolion, teuluoedd, cymunedau a gofalwyr yn gallu cael cymorth a chefnogaeth pan fydd ei angen arnynt.<\/p>\n\n\n\n<p>Ein gweledigaeth yw sicrhau fod pobl yn gallu cael gafael yn hwylus ar wasanaethau cyffredinol a phenodol i ddatblygu\u2019r sgiliau a\u2019r gwytnwch sydd eu hangen arnynt i ddilyn bywydau llawn ac i gyflawni eu nod.&nbsp; Rydym yn ceisio grymuso unigolion yn yr&nbsp;<em>hyn sy\u2019n bwysig iddyn nhw<\/em>&nbsp;a gweithio gydag asiantaethau partner i gryfhau annibyniaeth pobl, sicrhau diogelwch a hybu lles.<\/p>\n\n\n\n<p>Mae ein strategaeth Gydol Oes a Llesiant yn disgrifio sut y byddwn yn datblygu gweithlu medrus ac arloesol a fydd yn darparu gwasanaethau gydol oes sy\u2019n canolbwyntio ar gymorth ataliol ac ymyriadau cynnar gyda mynediad hwylus i wybodaeth, cyngor a chymorth. Hefyd, yn asesu angen a gofal yn briodol a darparu cynlluniau cymorth i\u2019r rheiny sydd angen cymorth mwy hirdymor.<\/p>\n\n\n\n<p>Dysgwch fwy am ein Model Gydol Oes a Llesiant a sut mae\u2019r timau wedi\u2019u strwythuro ynddo&nbsp;<a href=\"http:\/\/careers.ceredigion.gov.uk\/cy\/bywyd-ceredigion\/ynglyn-ar-cyngor\/wellbeing-care-support-services-a-through-age-and-wellbeing-model\/\">yma<\/a><\/p>\n\n\n\n<h4 class=\"has-text-align-center wp-block-heading\">Braslun o&#8217;r T\u00eem Ymyrraeth Gynnar<\/h4>\n\n\n\n<p>Mae\u2019r Gwasanaeth Ymyrraeth Gynnar yn darparu cymorth ataliol gydol oes sy\u2019n canolbwyntio ar y person. Mae yna ddau d\u00eem yn y gwasanaeth, sef:<\/p>\n\n\n\n<p class=\"has-text-align-center\"><strong>T\u00eem Cymorth Gofalwyr a\u2019r Gymuned<\/strong><\/p>\n\n\n\n<p>Mae&#8217;r t\u00eem cymorth Gofalwyr a\u2019r Gymuned yn datblygu cyfleoedd a gwasanaethau sy&#8217;n cefnogi pobl yn eu cymunedau.&nbsp; Mae&#8217;r t\u00eem yn gweithio gyda phobl o bob oed i\u2019w cysylltu \u00e2 chymorth hwylus ar gyfer unigolion a grwpiau. Rydym yn gweithio\u2019n gl\u00f2s gyda chydweithwyr ar draws yr Awdurdod Lleol, Iechyd a gyda&#8217;r 3<sup>ydd<\/sup> Sector i sicrhau fod pobl yn cael y cymorth iawn ar yr adeg iawn.&nbsp; Yn ogystal \u00e2 bod y t\u00eem yn un gydol oes sy\u2019n gweithio gyda&#8217;r cyhoedd, mae yna bwyslais hefyd yn y t\u00eem ar feysydd arbenigol sef Heneiddio&#8217;n Dda yng Ngheredigion, y Gwasanaeth Gwybodaeth i Deuluoedd, y Cysylltwyr Cymunedol a&#8217;r Gwasanaeth Gwybodaeth i Ofalwyr.<\/p>\n\n\n\n<p><strong>Hyfforddiant\/ Arbenigedd<\/strong><\/p>\n\n\n\n<ul class=\"wp-block-list\"><li>Gwytnwch a Lles i Ofalwyr mewn cyflogaeth<\/li><li>Gwytnwch a Lles i Ofalwyr Ifanc<\/li><li>Gwytnwch a Lles i Ofalwyr yn y gymuned<\/li><li>Ymgysylltu \u00e2&#8217;r Gymuned<\/li><li>Cymorth i ofalwyr Di-d\u00e2l<\/li><li>Ymwybyddiaeth Gofalwyr i dimau<\/li><li>Cefnogi gofalwyr mewn cyflogaeth<\/li><li>Ymwybyddiaeth Alcohol<\/li><li>Gwneud coctels di-alcohol<\/li><li>Defnyddio <em>Dewis<\/em><\/li><li>Dod yn olygydd ar <em>Dewis<\/em><\/li><\/ul>\n\n\n\n<p class=\"has-text-align-center\"><strong>T\u00eem Cymorth Rhianta a Theuluoedd<\/strong><\/p>\n\n\n\n<p>Mae&#8217;r T\u00eem Cymorth Rhianta a Theuluoedd yn cynnig cymorth eang i deuluoedd, plant, rhieni a gofalwyr. Mae&#8217;r t\u00eem yn canolbwyntio ar atal ac ymyrryd yn gynnar i gael canlyniadau llwyddiannus i&#8217;r rhai y maen nhw\u2019n gweithio gyda nhw. Mae&#8217;r cyfrifoldeb am gydlynu T\u00eem Teulu yn gorwedd yn y t\u00eem, gyda phecynnau cymorth aml-asiantaeth a holistaidd yn cael eu darparu. Darperir cymorth i deuluoedd gan ein Gweithwyr Cefnogi Teuluoedd sy&#8217;n gallu gweithio gyda theuluoedd\/ gofalwyr plant 0-18 oed.&nbsp; Trefnir rhaglen Dechrau&#8217;n Deg hefyd yn y t\u00eem hwn, sef rhaglen ar y cyd gyda Bwrdd Iechyd Hywel Dda sy&#8217;n rhoi cymorth wedi&#8217;i dargedu i blant 0-3 oed. Rhoddir cymorth i unigolion a grwpiau ac mae amrywiaeth o raglenni rhianta ynghyd \u00e2 chymorth pwrpasol. Mae&#8217;r t\u00eem yn rheoli sawl Canolfan Deulu a Chanolfannau Plant Integredig yn y sir. Hefyd mae&#8217;r t\u00eem yn gallu darparu cefnogaeth uniongyrchol i blant a phobl ifanc rhwng 0 a 25 oed.<\/p>\n\n\n\n<p><strong>Hyfforddiant\/ Arbenigedd<\/strong><\/p>\n\n\n\n<ul class=\"wp-block-list\"><li>SLC \u2013 Elklan, Wellcom \u2013 Athro\/athrawes SLC<\/li><li>Cymorth Cyntaf<\/li><li>Cyflwyno Rhaglenni \u2013 BOB, cysylltiadau \u00e2 theuluoedd<\/li><li>Tylino Babis<\/li><li>Cwblhau asesiadau e.e. JAFF<\/li><li>Gyrru bws<\/li><li>3 staff gyda chymwysterau dysgu.<\/li><\/ul>\n","protected":false},"excerpt":{"rendered":"<p>Yng Nghyngor Sir Ceredigion rydym yn trawsnewid y ffordd y mae unigolion, teuluoedd, cymunedau a gofalwyr yn gallu cael cymorth a chefnogaeth pan fydd ei angen arnynt. Ein gweledigaeth yw sicrhau fod pobl yn gallu cael gafael yn hwylus ar wasanaethau cyffredinol a phenodol i ddatblygu\u2019r sgiliau a\u2019r gwytnwch sydd eu hangen arnynt i ddilyn [&hellip;]<\/p>\n","protected":false},"author":3,"featured_media":0,"parent":22370,"menu_order":2,"comment_status":"closed","ping_status":"closed","template":"page-templates\/template-featured-career.php","meta":{"_acf_changed":false,"footnotes":""},"categories":[],"tags":[],"class_list":["post-22828","page","type-page","status-publish","hentry"],"acf":[],"_links":{"self":[{"href":"https:\/\/ceri.cerenet.org.uk\/careers\/cy\/wp-json\/wp\/v2\/pages\/22828","targetHints":{"allow":["GET"]}}],"collection":[{"href":"https:\/\/ceri.cerenet.org.uk\/careers\/cy\/wp-json\/wp\/v2\/pages"}],"about":[{"href":"https:\/\/ceri.cerenet.org.uk\/careers\/cy\/wp-json\/wp\/v2\/types\/page"}],"author":[{"embeddable":true,"href":"https:\/\/ceri.cerenet.org.uk\/careers\/cy\/wp-json\/wp\/v2\/users\/3"}],"replies":[{"embeddable":true,"href":"https:\/\/ceri.cerenet.org.uk\/careers\/cy\/wp-json\/wp\/v2\/comments?post=22828"}],"version-history":[{"count":5,"href":"https:\/\/ceri.cerenet.org.uk\/careers\/cy\/wp-json\/wp\/v2\/pages\/22828\/revisions"}],"predecessor-version":[{"id":23202,"href":"https:\/\/ceri.cerenet.org.uk\/careers\/cy\/wp-json\/wp\/v2\/pages\/22828\/revisions\/23202"}],"up":[{"embeddable":true,"href":"https:\/\/ceri.cerenet.org.uk\/careers\/cy\/wp-json\/wp\/v2\/pages\/22370"}],"wp:attachment":[{"href":"https:\/\/ceri.cerenet.org.uk\/careers\/cy\/wp-json\/wp\/v2\/media?parent=22828"}],"wp:term":[{"taxonomy":"category","embeddable":true,"href":"https:\/\/ceri.cerenet.org.uk\/careers\/cy\/wp-json\/wp\/v2\/categories?post=22828"},{"taxonomy":"post_tag","embeddable":true,"href":"https:\/\/ceri.cerenet.org.uk\/careers\/cy\/wp-json\/wp\/v2\/tags?post=22828"}],"curies":[{"name":"wp","href":"https:\/\/api.w.org\/{rel}","templated":true}]}}